{"id":934,"date":"2018-06-07T19:59:48","date_gmt":"2018-06-07T16:59:48","guid":{"rendered":"https:\/\/www.helsinkioutsiders.fi\/?page_id=934"},"modified":"2018-06-07T19:59:48","modified_gmt":"2018-06-07T16:59:48","slug":"hos-juniors-finlandia-sarja","status":"publish","type":"page","link":"https:\/\/www.helsinkioutsiders.fi\/?page_id=934","title":{"rendered":"HOS Juniors (Finlandia-sarja)"},"content":{"rendered":"<p><strong>Kausi 2017-2018<\/strong><\/p>\n<p># 1 Aino Parviainen (mv)<br \/>\n# 2 Suominen Peppi<br \/>\n#10 Kalle H\u00e4nninen (mv)<br \/>\n#13 Onni Martikainen (mv)<br \/>\n#19 Elias Ry\u00f6k\u00e4s<br \/>\n#22 Essi Heikura<br \/>\n#23 Aarni Kumpulainen<br \/>\n#21 Daniel Wickstrand<br \/>\n#95 Eero Pokki<br \/>\n#96 Samu Kananen<br \/>\n#19 Ella Nissinen<\/p>\n<p>Valmentaja<br \/>\nJaakko Linkoheimo<\/p>\n<p><strong>Kausi 2016-2017<\/strong><\/p>\n<p># 1 Aino Parviainen<br \/>\n#10 Kalle H\u00e4nninen<br \/>\n#13 Onni Martikainen<br \/>\n#16 Halti Toppinen<br \/>\n#19 Elias Ry\u00f6k\u00e4s<br \/>\n#22 Essi Heikura<br \/>\n#23 Aarni Kumpulainen<br \/>\n#65 Daniel Wickstrand<br \/>\n#95 Eero Pokki<br \/>\n#96 Samu Kananen<br \/>\n#97 Ella Nissinen<\/p>\n<p>valmentaja<br \/>\nJaakko Linkoheimo<\/p>\n<p><strong>Kausi 2015-2016<\/strong><\/p>\n<p>#10 Kalle H\u00e4nninen<br \/>\n#10 Aino Parviainen<br \/>\n#13 Onni Martikainen (mv)<br \/>\n#16 Halti Toppinen<br \/>\n#19 Elias Ry\u00f6k\u00e4s<br \/>\n#21 Daniel Wickstrand<br \/>\n#22 Essi Heikura<br \/>\n#95 Eero Pokki<br \/>\n#96 Samu Kananen<\/p>\n<p>Valmentaja<br \/>\nJaakko Linkoheimo<\/p>\n<p><strong>Kausi 2013-2014<\/strong><\/p>\n<p>#6 Joona P\u00f6ys\u00e4ri<br \/>\n#10 Kalle H\u00e4nninen<br \/>\n#13 Onni Martikainen (mv)<br \/>\n#16 Halti Toppinen<br \/>\n#19 Aino Parviainen<br \/>\n#21 Daniel Wickstrand<br \/>\n#95 Eero Pokki<br \/>\n#96 Samu Kananen<br \/>\n#97 Joel H\u00e4m\u00e4l\u00e4inen<br \/>\n#98 Kasper Vuorinen<br \/>\nRoberto Makwala<br \/>\nAapeli Paunio<br \/>\nAatu Remes<\/p>\n<p>Valmentaja<br \/>\nJaakko Linkoheimo<\/p>\n","protected":false},"excerpt":{"rendered":"<p>Kausi 2017-2018 # 1 Aino Parviainen (mv) # 2 Suominen Peppi #10 Kalle H\u00e4nninen (mv) #13 Onni Martikainen (mv) #19 Elias Ry\u00f6k\u00e4s #22 Essi Heikura #23 Aarni Kumpulainen #21 Daniel Wickstrand #95 Eero Pokki #96 Samu Kananen #19 Ella Nissinen Valmentaja Jaakko Linkoheimo Kausi 2016-2017 # 1 Aino Parviainen #10 Kalle H\u00e4nninen #13 Onni Martikainen [&hellip;]<\/p>\n","protected":false},"author":2,"featured_media":0,"parent":414,"menu_order":2,"comment_status":"closed","ping_status":"closed","template":"","meta":{"footnotes":""},"class_list":["post-934","page","type-page","status-publish","hentry"],"_links":{"self":[{"href":"https:\/\/www.helsinkioutsiders.fi\/index.php?rest_route=\/wp\/v2\/pages\/934","targetHints":{"allow":["GET"]}}],"collection":[{"href":"https:\/\/www.helsinkioutsiders.fi\/index.php?rest_route=\/wp\/v2\/pages"}],"about":[{"href":"https:\/\/www.helsinkioutsiders.fi\/index.php?rest_route=\/wp\/v2\/types\/page"}],"author":[{"embeddable":true,"href":"https:\/\/www.helsinkioutsiders.fi\/index.php?rest_route=\/wp\/v2\/users\/2"}],"replies":[{"embeddable":true,"href":"https:\/\/www.helsinkioutsiders.fi\/index.php?rest_route=%2Fwp%2Fv2%2Fcomments&post=934"}],"version-history":[{"count":1,"href":"https:\/\/www.helsinkioutsiders.fi\/index.php?rest_route=\/wp\/v2\/pages\/934\/revisions"}],"predecessor-version":[{"id":935,"href":"https:\/\/www.helsinkioutsiders.fi\/index.php?rest_route=\/wp\/v2\/pages\/934\/revisions\/935"}],"up":[{"embeddable":true,"href":"https:\/\/www.helsinkioutsiders.fi\/index.php?rest_route=\/wp\/v2\/pages\/414"}],"wp:attachment":[{"href":"https:\/\/www.helsinkioutsiders.fi\/index.php?rest_route=%2Fwp%2Fv2%2Fmedia&parent=934"}],"curies":[{"name":"wp","href":"https:\/\/api.w.org\/{rel}","templated":true}]}}