{"id":879,"date":"2018-03-22T20:06:21","date_gmt":"2018-03-22T18:06:21","guid":{"rendered":"https:\/\/www.helsinkioutsiders.fi\/?page_id=879"},"modified":"2021-05-27T21:59:07","modified_gmt":"2021-05-27T18:59:07","slug":"rekisteriseloste","status":"publish","type":"page","link":"https:\/\/www.helsinkioutsiders.fi\/?page_id=879","title":{"rendered":"Tietosuoja- ja Rekisteriseloste"},"content":{"rendered":"<h2>Ehdot ja edellytykset \u2013 Helsinki Outsiders ry<\/h2>\n<p><strong>Helsinki Outsiders ry:n<\/strong> ja\/tai mink\u00e4tahansa yhdistyksemme alaisen muun toimielimen j\u00e4senyys, sek\u00e4 verkkopalveluidemme k\u00e4ytt\u00f6 edellytt\u00e4\u00e4 ett\u00e4 hyv\u00e4ksyt rekisteriselosteessa mainittujen tietojen tallentamisen j\u00e4senrekisteriin. Yhdistys toimii rekisterinpit\u00e4j\u00e4n\u00e4 niille henkil\u00f6tiedoille, joita ker\u00e4\u00e4mme yhdistyksen toimintaan osallistuvista. Rekisterinpit\u00e4j\u00e4 on vastuussa sille annetuista henkil\u00f6tiedoista ja niiden k\u00e4sittelyst\u00e4. Tietosuojassa kyse on luottamuksesta, ja yksityisyytesi sek\u00e4 henkil\u00f6tietojesi suojaaminen on seuralle ensiarvoisen t\u00e4rke\u00e4\u00e4. Sen vuoksi ker\u00e4\u00e4mme henkil\u00f6tietojasi vain niiss\u00e4 m\u00e4\u00e4rin, kuin tarvitsemme niit\u00e4 yll\u00e4pit\u00e4\u00e4ksemme ja hoitaaksemme suhdetta yhdistyksen toimintaan osallistuviin. T\u00e4ss\u00e4 tietosuojaselosteessa on k\u00e4sitelty niit\u00e4 periaatteita, joita yhdistys toteuttaa henkil\u00f6tietoja k\u00e4sittelyss\u00e4.<\/p>\n<h2>TIETOSUOJA- JA REKISTERISELOSTE<\/h2>\n<p>Henkil\u00f6tietolain 10 \u00a7 ja 24 \u00a7 mukainen rekisteriseloste, sek\u00e4 EU:n tietosuoja-asetuksen 2016\/679 mukainen tietosuojaseloste.<\/p>\n<p>Tietosuojaseloste<br \/>\nHelsinki Outsiders ry:n j\u00e4senrekisteri<\/p>\n<p><strong>1. REKISTERIN PIT\u00c4J\u00c4<\/strong><br \/>\nNimi: Helsinki Outsiders ry<br \/>\nPostiosoite: Hakamaankuja 3 B 25, 01600 Vantaa (Finland)<br \/>\nPuhelinnumero: +358442905008<br \/>\nS\u00e4hk\u00f6postiosoite: outsiders@helsinkioutsiders.fi<br \/>\nWww-osoite: https:\/\/www.helsinkioutsiders.fi\/<\/p>\n<p><strong>2. YHTEYSHENKIL\u00d6 REKISTERI\u00c4 KOSKEVISSA ASIOISSA<\/strong><br \/>\nNimi: Helsinki Outsiders ry \/ Tietosuoja<br \/>\nPostiosoite: Hakamaankuja 3 B 25, 01600 Vantaa (Finland)<br \/>\nPuhelinnumero: +358442905008<br \/>\nS\u00e4hk\u00f6postiosoite: outsiders@helsinkioutsiders.fi<\/p>\n<p><strong>3. REKISTERIN NIMI<\/strong><br \/>\nHelsinki Outsiders ry:n j\u00e4senrekisteri<\/p>\n<p><strong>4. HENKIL\u00d6TIETOJEN K\u00c4SITTELYN TARKOITUS<\/strong><br \/>\n\u2013 Yll\u00e4pit\u00e4\u00e4 rekister\u00f6ityjen yhteystietoja<br \/>\n\u2013 Laskuttaa j\u00e4senten j\u00e4senmaksut<br \/>\n\u2013 Luvat (esim. kuvien, videoiden ja muiden materiaalien k\u00e4yt\u00f6st\u00e4, joissa j\u00e4senemme ovat osana)<br \/>\n\u2013 Mahdolliset j\u00e4senyyteen ja merkkip\u00e4iviin liittyv\u00e4t muistamiset<br \/>\n\u2013 Yhteydenpito j\u00e4senist\u00f6\u00f6n<br \/>\n\u2013 Yll\u00e4pit\u00e4\u00e4 mahdollista lehtirekisteri\u00e4<br \/>\n\u2013 Tilastotieto toiminnan suunnittelua, arviointia ja kehitt\u00e4mist\u00e4 varten<br \/>\n\u2013 Mahdolliset muut yhdistyksen toimintaan liittyv\u00e4t tarkoitukset (esim. koulutuksiin liittyv\u00e4 henkil\u00f6tietojen k\u00e4sittely)<\/p>\n<p><strong>5. REKISTERIN TIETOSIS\u00c4LT\u00d6<\/strong><br \/>\n\u2013 Henkil\u00f6tiedot: nimi, osoite, puhelinnumero, s\u00e4hk\u00f6postiosoite, syntym\u00e4aika, sukupuoli, vamma tai diagnoosi, arvo tai ammatti, luottamustoimet, laskuluettelo, muut mahdolliset tiedot<br \/>\n\u2013 J\u00e4senyyden kuluessa kertynyt tieto henkil\u00f6tietojen k\u00e4sittelyn tarkoitus-kohdan asioista<\/p>\n<p><strong>6. S\u00c4\u00c4NN\u00d6NMUKAISET TIETOL\u00c4HTEET<\/strong><br \/>\n\u2013 Rekister\u00f6ityjen itse antama tieto<\/p>\n<p><strong>7. TIETOJEN S\u00c4\u00c4NN\u00d6NMUKAISET LUOVUTUKSET<\/strong><br \/>\nJ\u00e4senten nimi, osoite, (s\u00e4hk\u00f6postiosoite, puhelinnumero) ja syntym\u00e4aika tallennetaan henkil\u00f6tietorekisteriin. Tietoja k\u00e4ytet\u00e4\u00e4n p\u00e4\u00e4s\u00e4\u00e4nt\u00f6isesti vain yhdistyksen omiin tarkoituksiin. Rekisterinpit\u00e4j\u00e4 ei luovuta s\u00e4\u00e4nn\u00f6nmukaisesti muita rekister\u00f6ityjen henkil\u00f6tietoja ulkopuolisille.<\/p>\n<p><strong>8. TIETOJEN SIIRTO EU:N TAI ETA:N ULKOPUOLELLE<\/strong><br \/>\nTietoja ei luovuteta EU:n tai Euroopan talousalueen ulkopuolelle.<\/p>\n<p><strong>9. REKISTERIN SUOJAUKSEN PERIAATTEET<\/strong><br \/>\nRekisteriin tallennettavat tiedot vaativat henkil\u00f6n suostumuksen tietojen tallentamiseen. Yhdistyksen j\u00e4senyys oikeuttaa nimi-, postiosoite ja kotipaikkatietojen tallentamisen.<\/p>\n<p>Lis\u00e4ksi rekister\u00f6ity antaa 25.5.2018 alkaen yleissuostumuksen kaikkiin yhdistyksen toimintaan liittyvien tietojen tallentamisen rekister\u00f6itym\u00e4ll\u00e4\/olemalla j\u00e4senen\u00e4.<\/p>\n<p>Rekisterin sis\u00e4lt\u00e4mi\u00e4 henkil\u00f6tietoja ovat oikeutettuja asianmukaisesti k\u00e4sittelem\u00e4\u00e4n vain k\u00e4ytt\u00f6oikeuden saaneet, j\u00e4senyhdistyksen tietosuojavastaava tai tietosuoja-asioista vastaava\/t.<\/p>\n<p>Rekisteritietoja s\u00e4ilytet\u00e4\u00e4n niin kauan kunnes rekister\u00f6ity itse pyyt\u00e4\u00e4 poistamaan h\u00e4nt\u00e4 koskevat j\u00e4sentiedot rekisterist\u00e4 tai j\u00e4senyyden katsotaan muuten p\u00e4\u00e4ttyneen, ellei jokin velvollisuus lain, viranomaism\u00e4\u00e4r\u00e4yksen tai muun pakottavan syyn johdosta pakota n\u00e4it\u00e4 tietoja pidemp\u00e4\u00e4n s\u00e4ilytt\u00e4m\u00e4\u00e4n.<\/p>\n<p><strong>10. REKISTERITIETOJEN S\u00c4ILYTYS<\/strong><br \/>\nTiedot tallennetaan j\u00e4senrekisteriin. Paperisten hakemusten ja suostumusten tiedot siirret\u00e4\u00e4n j\u00e4senrekisteriin. Tallennuksen j\u00e4lkeen papereita s\u00e4ilytet\u00e4\u00e4n, kuten henkil\u00f6kohtaisia arkaluontoisia tietoja sis\u00e4lt\u00e4v\u00e4t dokumentit lain mukaan tulee s\u00e4ilytt\u00e4\u00e4, j\u00e4senyyden ajan.<\/p>\n<p>J\u00e4rjestelm\u00e4n k\u00e4ytt\u00f6oikeudet perustuvat henkil\u00f6kohtaisiin k\u00e4ytt\u00e4j\u00e4tunnuksiin ja salasanoihin ja niiden k\u00e4ytt\u00f6\u00e4 valvotaan. K\u00e4ytt\u00f6oikeus p\u00e4\u00e4tet\u00e4\u00e4n henkil\u00f6n siirtyess\u00e4 pois teht\u00e4v\u00e4st\u00e4.<\/p>\n<p><strong>11. REKISTER\u00d6IDYN INFORMOINTI<\/strong><br \/>\nTietosuojaseloste on saatavilla<br \/>\n\u2013 Helsinki Outsiders ry:n kotisivulla<br \/>\n\u2013 pyydett\u00e4ess\u00e4 tietosuojasta vastaavalta henkil\u00f6lt\u00e4 postitettuna tai s\u00e4hk\u00f6postitse<\/p>\n<p><strong>12. TARKASTUSOIKEUS<\/strong><br \/>\nRekister\u00f6idyll\u00e4 on oikeus tarkastaa itse\u00e4\u00e4n koskevat henkil\u00f6tiedot. Rekister\u00f6ity voi esitt\u00e4\u00e4 tarkastusoikeutta koskevan pyynn\u00f6n henkil\u00f6kohtaisesti tai kirjallisesti oman j\u00e4senyhdistyksens\u00e4 yhteyshenkil\u00f6lle omak\u00e4tisesti allekirjoitetulla kirjeell\u00e4, s\u00e4hk\u00f6postitse tai henkil\u00f6kohtaisesti k\u00e4ym\u00e4ll\u00e4 tai toimittamalla kirjallinen rekisteritietojen tarkastuspyynt\u00f6 oman j\u00e4senyhdistyksens\u00e4 yhteyshenkil\u00f6lle. Henkil\u00f6llisyys tarkistetaan ennen tietojen luovuttamista. Tiedot luovutetaan ilman aiheetonta viivytyst\u00e4. Mahdollisesta tarkastusoikeuden ep\u00e4\u00e4misest\u00e4 annetaan kirjallinen todistus.<\/p>\n<p>Tarkastusoikeuttaan k\u00e4ytt\u00e4m\u00e4\u00e4n pyrkinyt voi viel\u00e4 asian tietosuojavaltuutetun k\u00e4sitelt\u00e4v\u00e4ksi ja arvioitavaksi saatuaan kirjallisesti perustellun ep\u00e4\u00e4mistodistuksen. Tietosuojavaltuutetun k\u00e4sittely on maksuton kerran vuodessa, muuten perit\u00e4\u00e4n tarkastuksesta aiheutuviin v\u00e4litt\u00f6miin kustannuksiin perustuva kohtuullinen maksu.<\/p>\n<p><strong>13. OIKEUS VAATIA TIEDON KORJAAMISTA<\/strong><br \/>\nRekister\u00f6idyll\u00e4 on oikeus vaatia rekisteriss\u00e4 olevan k\u00e4sittelyn kannalta virheellisen, tarpeettoman, puutteellisen tai vanhentuneen tiedon oikaisemista, poistamista tai t\u00e4ydent\u00e4mist\u00e4 ilman aiheetonta viivett\u00e4. Vaatimus henkil\u00f6tietojen korjaamisesta pyydet\u00e4\u00e4n toimittamaan s\u00e4hk\u00f6postitse yhteyshenkil\u00f6lle toimittamalla kirjallinen rekisteritietojen korjaamisvaatimus.<\/p>\n<p>Rekisterinpit\u00e4j\u00e4 oma-aloitteisesti tai rekister\u00f6idyn vaatimuksesta oikaisee, poistaa tai t\u00e4ydent\u00e4\u00e4 rekisteriss\u00e4 olevan, k\u00e4sittelyn tarkoituksen kannalta virheellisen, tarpeettoman, puutteellisen tai vanhentuneen henkil\u00f6tiedon viivytyksett\u00e4. Korjauspyynt\u00f6 osoitetaan rekisterin yhteyshenkil\u00f6lle. Tietojen korjaamisesta p\u00e4\u00e4tt\u00e4\u00e4 rekisterinpit\u00e4j\u00e4.<\/p>\n<p><strong>14. MUUT HENKIL\u00d6TIETOJEN K\u00c4SITTELYYN LIITTYV\u00c4T OIKEUDET<\/strong><br \/>\nRekisterist\u00e4 ei luovuteta ilman rekister\u00f6idyn suostumusta tietoja suoramarkkinointia, markkina- ja mielipidetutkimusta, henkil\u00f6matrikkelia ja sukututkimusta varten.<\/p>\n","protected":false},"excerpt":{"rendered":"<p>Ehdot ja edellytykset \u2013 Helsinki Outsiders ry Helsinki Outsiders ry:n ja\/tai mink\u00e4tahansa yhdistyksemme alaisen muun toimielimen j\u00e4senyys, sek\u00e4 verkkopalveluidemme k\u00e4ytt\u00f6 edellytt\u00e4\u00e4 ett\u00e4 hyv\u00e4ksyt rekisteriselosteessa mainittujen tietojen tallentamisen j\u00e4senrekisteriin. Yhdistys toimii rekisterinpit\u00e4j\u00e4n\u00e4 niille henkil\u00f6tiedoille, joita ker\u00e4\u00e4mme yhdistyksen toimintaan osallistuvista. Rekisterinpit\u00e4j\u00e4 on vastuussa sille annetuista henkil\u00f6tiedoista ja niiden k\u00e4sittelyst\u00e4. Tietosuojassa kyse on luottamuksesta, ja yksityisyytesi sek\u00e4 henkil\u00f6tietojesi [&hellip;]<\/p>\n","protected":false},"author":7,"featured_media":0,"parent":40,"menu_order":4,"comment_status":"closed","ping_status":"closed","template":"","meta":{"footnotes":""},"class_list":["post-879","page","type-page","status-publish","hentry"],"_links":{"self":[{"href":"https:\/\/www.helsinkioutsiders.fi\/index.php?rest_route=\/wp\/v2\/pages\/879","targetHints":{"allow":["GET"]}}],"collection":[{"href":"https:\/\/www.helsinkioutsiders.fi\/index.php?rest_route=\/wp\/v2\/pages"}],"about":[{"href":"https:\/\/www.helsinkioutsiders.fi\/index.php?rest_route=\/wp\/v2\/types\/page"}],"author":[{"embeddable":true,"href":"https:\/\/www.helsinkioutsiders.fi\/index.php?rest_route=\/wp\/v2\/users\/7"}],"replies":[{"embeddable":true,"href":"https:\/\/www.helsinkioutsiders.fi\/index.php?rest_route=%2Fwp%2Fv2%2Fcomments&post=879"}],"version-history":[{"count":14,"href":"https:\/\/www.helsinkioutsiders.fi\/index.php?rest_route=\/wp\/v2\/pages\/879\/revisions"}],"predecessor-version":[{"id":1071,"href":"https:\/\/www.helsinkioutsiders.fi\/index.php?rest_route=\/wp\/v2\/pages\/879\/revisions\/1071"}],"up":[{"embeddable":true,"href":"https:\/\/www.helsinkioutsiders.fi\/index.php?rest_route=\/wp\/v2\/pages\/40"}],"wp:attachment":[{"href":"https:\/\/www.helsinkioutsiders.fi\/index.php?rest_route=%2Fwp%2Fv2%2Fmedia&parent=879"}],"curies":[{"name":"wp","href":"https:\/\/api.w.org\/{rel}","templated":true}]}}