{"id":8,"date":"2009-09-18T14:51:04","date_gmt":"2009-09-18T11:51:04","guid":{"rendered":"https:\/\/www.helsinkioutsiders.fi\/?page_id=8"},"modified":"2018-10-27T17:19:40","modified_gmt":"2018-10-27T14:19:40","slug":"liity","status":"publish","type":"page","link":"https:\/\/www.helsinkioutsiders.fi\/?page_id=8","title":{"rendered":"HOStyle"},"content":{"rendered":"<p>Helsinki Outsiders haluaa tarjota kannattajilleen ja taustavoimilleen HOStyle -yhteis\u00f6n. Siin\u00e4 pelaajat, kannustajat, taustavoimat, vapaaehtoiset ja kaikki muut HOS-mieliset voivat yhdess\u00e4 l\u00e4hte\u00e4 pelikent\u00e4n ulkopuolisille retkille tai vapaamuotoisesti kohdata kent\u00e4ll\u00e4.<\/p>\n<p>Kaikki saavat ideoida, mihin l\u00e4hdet\u00e4\u00e4n tai mit\u00e4 tehd\u00e4\u00e4n. Alustavasti olen kuullut toiveita retkest\u00e4 Uutisvuodon nauhoituksiin ja erilaisista haasteturnauksista. Haluamme tarjota rentouttavia tapahtumia ja yhdess\u00e4oloa. Kaikki ovat tervetulleita auttamaan toimintaamme ja palkinnoksi viett\u00e4m\u00e4\u00e4n viel\u00e4 hieman lis\u00e4aikaa kanssamme.<\/p>\n<p>T\u00e4h\u00e4n yhteis\u00f6\u00f6n voit liitty\u00e4 my\u00f6s Facebookissa yhtym\u00e4ll\u00e4 ryhm\u00e4\u00e4n Helsinki Outsiders.<\/p>\n<p>Kannattajaj\u00e4senen\u00e4 tuet toimintaamme ja kuulet HOS-uutiset ensimm\u00e4isen\u00e4.<\/p>\n<p>Liity nyt HOStylen -j\u00e4seneksi.<\/p>\n<ul>\n<li>Kannatusj\u00e4senmaksu 20 \u20ac\/vuosi. Kannattajaj\u00e4senen\u00e4 tuet seuran toimintaa eli mm. turnausmatkaj\u00e4rjestelyit\u00e4, pelituolien huoltoa ja laadukkaan valmennuksen yll\u00e4pitoa.<\/li>\n<\/ul>\n\n<div class=\"wpcf7 no-js\" id=\"wpcf7-f949-o1\" lang=\"fi\" dir=\"ltr\" data-wpcf7-id=\"949\">\n<div class=\"screen-reader-response\"><p role=\"status\" aria-live=\"polite\" aria-atomic=\"true\"><\/p> <ul><\/ul><\/div>\n<form action=\"\/index.php?rest_route=%2Fwp%2Fv2%2Fpages%2F8#wpcf7-f949-o1\" method=\"post\" class=\"wpcf7-form init\" aria-label=\"Yhteydenottolomake\" novalidate=\"novalidate\" data-status=\"init\">\n<fieldset class=\"hidden-fields-container\"><input type=\"hidden\" name=\"_wpcf7\" value=\"949\" \/><input type=\"hidden\" name=\"_wpcf7_version\" value=\"6.1.5\" \/><input type=\"hidden\" name=\"_wpcf7_locale\" value=\"fi\" \/><input type=\"hidden\" name=\"_wpcf7_unit_tag\" value=\"wpcf7-f949-o1\" \/><input type=\"hidden\" name=\"_wpcf7_container_post\" value=\"0\" \/><input type=\"hidden\" name=\"_wpcf7_posted_data_hash\" value=\"\" \/>\n<\/fieldset>\n<p><label> #HOStyleen voi liitty\u00e4 t\u00e4ytt\u00e4m\u00e4ll\u00e4 alla olevan lomakkeen: <\/label>\n<\/p>\n<p><label> Etunimi- ja Sukunimi (pakollinen)<br \/>\n<span class=\"wpcf7-form-control-wrap\" data-name=\"fullname\"><input size=\"40\" maxlength=\"400\" class=\"wpcf7-form-control wpcf7-text wpcf7-validates-as-required\" aria-required=\"true\" aria-invalid=\"false\" value=\"\" type=\"text\" name=\"fullname\" \/><\/span> <\/label>\n<\/p>\n<p><label> Syntym\u00e4aika (pakollinen)<br \/>\n<span class=\"wpcf7-form-control-wrap\" data-name=\"birthday\"><input size=\"40\" maxlength=\"400\" class=\"wpcf7-form-control wpcf7-text wpcf7-validates-as-required\" aria-required=\"true\" aria-invalid=\"false\" value=\"\" type=\"text\" name=\"birthday\" \/><\/span> <\/label>\n<\/p>\n<p><label> L\u00e4hiosoite (pakollinen)<br \/>\n<span class=\"wpcf7-form-control-wrap\" data-name=\"postaddress\"><input size=\"40\" maxlength=\"400\" class=\"wpcf7-form-control wpcf7-text wpcf7-validates-as-required\" aria-required=\"true\" aria-invalid=\"false\" value=\"\" type=\"text\" name=\"postaddress\" \/><\/span> <\/label>\n<\/p>\n<p><label> S\u00e4hk\u00f6posti (pakollinen)<br \/>\n<span class=\"wpcf7-form-control-wrap\" data-name=\"your-email\"><input size=\"40\" maxlength=\"400\" class=\"wpcf7-form-control wpcf7-email wpcf7-validates-as-required wpcf7-text wpcf7-validates-as-email\" aria-required=\"true\" aria-invalid=\"false\" value=\"\" type=\"email\" name=\"your-email\" \/><\/span> <\/label>\n<\/p>\n<p><label> <span class=\"wpcf7-form-control-wrap\" data-name=\"acceptance-417\"><span class=\"wpcf7-form-control wpcf7-acceptance\"><span class=\"wpcf7-list-item\"><input type=\"checkbox\" name=\"acceptance-417\" value=\"1\" aria-invalid=\"false\" \/><\/span><\/span><\/span> <a href=\".\/?page_id=879\" target=\"_blank\" rel=\"noopener\"><b><u>Hyv\u00e4ksyn tietosuoja- ja rekisterik\u00e4yt\u00e4nn\u00f6t (pakollinen)<\/u><\/b><\/a> <\/label>\n<\/p>\n<p><input class=\"wpcf7-form-control wpcf7-submit has-spinner\" type=\"submit\" value=\"L\u00e4het\u00e4\" \/>\n<\/p><p style=\"display: none !important;\" class=\"akismet-fields-container\" data-prefix=\"_wpcf7_ak_\"><label>&#916;<textarea name=\"_wpcf7_ak_hp_textarea\" cols=\"45\" rows=\"8\" maxlength=\"100\"><\/textarea><\/label><input type=\"hidden\" id=\"ak_js_1\" name=\"_wpcf7_ak_js\" value=\"61\"\/><script type=\"text\/javascript\">\n\/* <![CDATA[ *\/\ndocument.getElementById( \"ak_js_1\" ).setAttribute( \"value\", ( new Date() ).getTime() );\n\/* ]]> *\/\n<\/script>\n<\/p><div class=\"wpcf7-response-output\" aria-hidden=\"true\"><\/div>\n<\/form>\n<\/div>\n\n","protected":false},"excerpt":{"rendered":"<p>Helsinki Outsiders haluaa tarjota kannattajilleen ja taustavoimilleen HOStyle -yhteis\u00f6n. Siin\u00e4 pelaajat, kannustajat, taustavoimat, vapaaehtoiset ja kaikki muut HOS-mieliset voivat yhdess\u00e4 l\u00e4hte\u00e4 pelikent\u00e4n ulkopuolisille retkille tai vapaamuotoisesti kohdata kent\u00e4ll\u00e4. Kaikki saavat ideoida, mihin l\u00e4hdet\u00e4\u00e4n tai mit\u00e4 tehd\u00e4\u00e4n. Alustavasti olen kuullut toiveita retkest\u00e4 Uutisvuodon nauhoituksiin ja erilaisista haasteturnauksista. Haluamme tarjota rentouttavia tapahtumia ja yhdess\u00e4oloa. Kaikki ovat tervetulleita [&hellip;]<\/p>\n","protected":false},"author":2,"featured_media":0,"parent":0,"menu_order":7,"comment_status":"closed","ping_status":"open","template":"","meta":{"footnotes":""},"class_list":["post-8","page","type-page","status-publish","hentry"],"_links":{"self":[{"href":"https:\/\/www.helsinkioutsiders.fi\/index.php?rest_route=\/wp\/v2\/pages\/8","targetHints":{"allow":["GET"]}}],"collection":[{"href":"https:\/\/www.helsinkioutsiders.fi\/index.php?rest_route=\/wp\/v2\/pages"}],"about":[{"href":"https:\/\/www.helsinkioutsiders.fi\/index.php?rest_route=\/wp\/v2\/types\/page"}],"author":[{"embeddable":true,"href":"https:\/\/www.helsinkioutsiders.fi\/index.php?rest_route=\/wp\/v2\/users\/2"}],"replies":[{"embeddable":true,"href":"https:\/\/www.helsinkioutsiders.fi\/index.php?rest_route=%2Fwp%2Fv2%2Fcomments&post=8"}],"version-history":[{"count":21,"href":"https:\/\/www.helsinkioutsiders.fi\/index.php?rest_route=\/wp\/v2\/pages\/8\/revisions"}],"predecessor-version":[{"id":952,"href":"https:\/\/www.helsinkioutsiders.fi\/index.php?rest_route=\/wp\/v2\/pages\/8\/revisions\/952"}],"wp:attachment":[{"href":"https:\/\/www.helsinkioutsiders.fi\/index.php?rest_route=%2Fwp%2Fv2%2Fmedia&parent=8"}],"curies":[{"name":"wp","href":"https:\/\/api.w.org\/{rel}","templated":true}]}}