{"id":313,"date":"2011-09-06T10:55:11","date_gmt":"2011-09-06T07:55:11","guid":{"rendered":"https:\/\/www.helsinkioutsiders.fi\/?page_id=313"},"modified":"2025-10-04T12:26:23","modified_gmt":"2025-10-04T09:26:23","slug":"esittely","status":"publish","type":"page","link":"https:\/\/www.helsinkioutsiders.fi\/?page_id=313","title":{"rendered":"Esittely"},"content":{"rendered":"<p style=\"text-align: justify;\">Helsinki Outsiders on vuonna 2001 perustettu s\u00e4hk\u00f6py\u00f6r\u00e4tuolisalibandyseura. S\u00e4hk\u00f6py\u00f6r\u00e4tuolisalibandy, lyhyesti spt-s\u00e4b\u00e4, puolestaan on s\u00e4hk\u00f6py\u00f6r\u00e4tuoleilla pelattavaa salibandya. S\u00e4\u00e4nn\u00f6t ovat sovellettu sekoitus salibandy\u00e4, j\u00e4\u00e4kiekkoa ja maahockeyt\u00e4 johtuen lajin juurista. Maailmalla lajia pelataan 14 maassa ja Suomessa kymmenen joukkueen voimin. Helsinki Outsiders on toinen maamme suurseuroista Oulun Merikosken kanssa.<\/p>\n<p style=\"text-align: justify;\">Helsinki Outsiders seuraan kuuluu kolme joukkuetta. Joukkueet ovat Red, White ja Akatemia. Treenaamme Helsingiss\u00e4 Liikuntamyllyss\u00e4 (Myllypurontie 1) keskiviikkoisin ja perjantaisin aina syyskuusta huhtikuun loppuun. Red ja White kilpailevat lajin korkeimmalla tasolla SM-sarjassa ja Juniors helpommassa Finlandia-sarjassa. Sarjat pelataan yhteisiss\u00e4 osaturnauksissa. Turnauksia on noin 3-4 per kausi ja ne pelataan joukkueiden isann\u00f6imin\u00e4 Oulu-Vaasa-Turku-Helsinki -akselilla. My\u00f6s Helsinki Outsiders is\u00e4nn\u00f6i jonkin n\u00e4ist\u00e4 turnauksista kausittain.<\/p>\n<p style=\"text-align: justify;\">Helsinki Outsidersissa on t\u00e4ll\u00e4 hetkell\u00e4 parikymment\u00e4 pelaajaa ja lis\u00e4ksi on innokkaita kannattajaj\u00e4sent\u00e4. Kaikki ovat tervetulleita kannattamaan meit\u00e4 turnauksiin ja tukemaan tahtomallaan tavalla. Uudet pelaajat ovat my\u00f6s tervetulleita joukkoomme. Seura tarjoaa mahdollisuuden kokeilla lajia omistamillaan kilpas\u00e4hk\u00f6py\u00f6r\u00e4tuoleilla. Kun rakkaus ja kiintymys lajiin syntyy, neuvomme oman tuolin hankinnassa.<\/p>\n<p style=\"text-align: justify;\">Julkaisemme aina is\u00e4nn\u00f6im\u00e4mme turnauksen yhteydess\u00e4 HOStyle -lehte\u00e4, joka esittelee toimintaamme ja ajankohtaisia asioita lajin parista. T\u00e4h\u00e4n lehteen otamme kannatusmainoksia mielell\u00e4mme vastaan. Kaikki saamamme tuki menee 100 prosenttisesti turnauksiin osallistumiseemme tasapuolisesti kaikkien pelaajien kesken.<\/p>\n<p style=\"text-align: justify;\">Seuramme sai alkunsa, kun ulkopaikkakunnalta muuttaneet nuoret opiskelijat etsiv\u00e4t itselleen sopivaa joukkuetta. Lis\u00e4\u00e4 t\u00e4st\u00e4 l\u00f6ytyy my\u00f6hemmin sivujen historia-osuudesta.<\/p>\n<p style=\"text-align: justify;\">Nime\u00e4 valitteasa haluttiin ottaa my\u00f6s kantaa siihen kuinka vammaisena meinaa j\u00e4\u00e4d\u00e4 ulkopuoliseksi. Joukkueemme j\u00e4senet ovat kuitenkin tunnettuja aktiivisesta otteesta el\u00e4m\u00e4\u00e4n ja kaikin puolin syrj\u00e4ytymisen vastakohtia. Edelleen n\u00e4m\u00e4 arvot ja Helsingin ulkopuolelta tulo n\u00e4kyv\u00e4t pelaajien hakeutuessa seuraamme.<\/p>\n","protected":false},"excerpt":{"rendered":"<p>Helsinki Outsiders on vuonna 2001 perustettu s\u00e4hk\u00f6py\u00f6r\u00e4tuolisalibandyseura. S\u00e4hk\u00f6py\u00f6r\u00e4tuolisalibandy, lyhyesti spt-s\u00e4b\u00e4, puolestaan on s\u00e4hk\u00f6py\u00f6r\u00e4tuoleilla pelattavaa salibandya. S\u00e4\u00e4nn\u00f6t ovat sovellettu sekoitus salibandy\u00e4, j\u00e4\u00e4kiekkoa ja maahockeyt\u00e4 johtuen lajin juurista. Maailmalla lajia pelataan 14 maassa ja Suomessa kymmenen joukkueen voimin. Helsinki Outsiders on toinen maamme suurseuroista Oulun Merikosken kanssa. Helsinki Outsiders seuraan kuuluu kolme joukkuetta. Joukkueet ovat Red, White [&hellip;]<\/p>\n","protected":false},"author":2,"featured_media":0,"parent":40,"menu_order":1,"comment_status":"closed","ping_status":"closed","template":"","meta":{"footnotes":""},"class_list":["post-313","page","type-page","status-publish","hentry"],"_links":{"self":[{"href":"https:\/\/www.helsinkioutsiders.fi\/index.php?rest_route=\/wp\/v2\/pages\/313","targetHints":{"allow":["GET"]}}],"collection":[{"href":"https:\/\/www.helsinkioutsiders.fi\/index.php?rest_route=\/wp\/v2\/pages"}],"about":[{"href":"https:\/\/www.helsinkioutsiders.fi\/index.php?rest_route=\/wp\/v2\/types\/page"}],"author":[{"embeddable":true,"href":"https:\/\/www.helsinkioutsiders.fi\/index.php?rest_route=\/wp\/v2\/users\/2"}],"replies":[{"embeddable":true,"href":"https:\/\/www.helsinkioutsiders.fi\/index.php?rest_route=%2Fwp%2Fv2%2Fcomments&post=313"}],"version-history":[{"count":10,"href":"https:\/\/www.helsinkioutsiders.fi\/index.php?rest_route=\/wp\/v2\/pages\/313\/revisions"}],"predecessor-version":[{"id":1137,"href":"https:\/\/www.helsinkioutsiders.fi\/index.php?rest_route=\/wp\/v2\/pages\/313\/revisions\/1137"}],"up":[{"embeddable":true,"href":"https:\/\/www.helsinkioutsiders.fi\/index.php?rest_route=\/wp\/v2\/pages\/40"}],"wp:attachment":[{"href":"https:\/\/www.helsinkioutsiders.fi\/index.php?rest_route=%2Fwp%2Fv2%2Fmedia&parent=313"}],"curies":[{"name":"wp","href":"https:\/\/api.w.org\/{rel}","templated":true}]}}