{"id":13,"date":"2009-09-18T14:52:18","date_gmt":"2009-09-18T11:52:18","guid":{"rendered":"https:\/\/www.helsinkioutsiders.fi\/?page_id=13"},"modified":"2025-10-03T20:28:13","modified_gmt":"2025-10-03T17:28:13","slug":"yhteystiedot","status":"publish","type":"page","link":"https:\/\/www.helsinkioutsiders.fi\/?page_id=13","title":{"rendered":"Yhteystiedot"},"content":{"rendered":"<p><strong>Joukkueenjohtaja Helsinki Outsiders\u00a0<\/strong><br \/>\nPia Lemmetty<br \/>\npia.lemmetty@gmail.com<br \/>\nPuh. 040 753 1057<\/p>\n<p><strong>Helsinki Outsiders Ry:n Hallitus<\/strong><br \/>\njory(at)helsinkioutsiders.fi<span id=\"_ctl0_cphSisalto_lblytunnus\"><\/span><span id=\"_ctl0_cphSisalto_lblytunnus\"><\/span><\/p>\n<p><strong>Seuran\/Yhdistyksen Virallinen Nimi ja Y-Tunnus<\/strong><br \/>\n<span id=\"_ctl0_cphSisalto_lblToiminimi\">Helsinki Outsiders ry<\/span> (<span id=\"_ctl0_cphSisalto_lblytunnus\">2423024-9)<\/span><\/p>\n<p><strong>Tilinumero<\/strong><br \/>\nIBAN: FI19 5722 9020 1315 68<br \/>\nBIC: OKOYFIHH<\/p>\n\n<div class=\"wpcf7 no-js\" id=\"wpcf7-f955-o1\" lang=\"fi\" dir=\"ltr\" data-wpcf7-id=\"955\">\n<div class=\"screen-reader-response\"><p role=\"status\" aria-live=\"polite\" aria-atomic=\"true\"><\/p> <ul><\/ul><\/div>\n<form action=\"\/index.php?rest_route=%2Fwp%2Fv2%2Fpages%2F13#wpcf7-f955-o1\" method=\"post\" class=\"wpcf7-form init\" aria-label=\"Yhteydenottolomake\" novalidate=\"novalidate\" data-status=\"init\">\n<fieldset class=\"hidden-fields-container\"><input type=\"hidden\" name=\"_wpcf7\" value=\"955\" \/><input type=\"hidden\" name=\"_wpcf7_version\" value=\"6.1.5\" \/><input type=\"hidden\" name=\"_wpcf7_locale\" value=\"fi\" \/><input type=\"hidden\" name=\"_wpcf7_unit_tag\" value=\"wpcf7-f955-o1\" \/><input type=\"hidden\" name=\"_wpcf7_container_post\" value=\"0\" \/><input type=\"hidden\" name=\"_wpcf7_posted_data_hash\" value=\"\" \/>\n<\/fieldset>\n<p><label> Voit ottaa yhteytt\u00e4 meihin my\u00f6s t\u00e4ytt\u00e4m\u00e4ll\u00e4 alla olevan lomakkeen: <\/label>\n<\/p>\n<p><label> Nimi (pakollinen)<br \/>\n<span class=\"wpcf7-form-control-wrap\" data-name=\"fullname\"><input size=\"40\" maxlength=\"400\" class=\"wpcf7-form-control wpcf7-text wpcf7-validates-as-required\" aria-required=\"true\" aria-invalid=\"false\" value=\"\" type=\"text\" name=\"fullname\" \/><\/span> <\/label>\n<\/p>\n<p><label> S\u00e4hk\u00f6posti (pakollinen)<br \/>\n<span class=\"wpcf7-form-control-wrap\" data-name=\"your-email\"><input size=\"40\" maxlength=\"400\" class=\"wpcf7-form-control wpcf7-email wpcf7-validates-as-required wpcf7-text wpcf7-validates-as-email\" aria-required=\"true\" aria-invalid=\"false\" value=\"\" type=\"email\" name=\"your-email\" \/><\/span> <\/label>\n<\/p>\n<p><label> Aihe (pakollinen)<br \/>\n<span class=\"wpcf7-form-control-wrap\" data-name=\"your-subject\"><input size=\"40\" maxlength=\"400\" class=\"wpcf7-form-control wpcf7-text wpcf7-validates-as-required\" aria-required=\"true\" aria-invalid=\"false\" value=\"\" type=\"text\" name=\"your-subject\" \/><\/span> <\/label>\n<\/p>\n<p><label> Viesti (pakollinen)<br \/>\n<span class=\"wpcf7-form-control-wrap\" data-name=\"your-message\"><textarea cols=\"40\" rows=\"10\" maxlength=\"2000\" class=\"wpcf7-form-control wpcf7-textarea wpcf7-validates-as-required\" aria-required=\"true\" aria-invalid=\"false\" name=\"your-message\"><\/textarea><\/span> <\/label>\n<\/p>\n<p><label> <span class=\"wpcf7-form-control-wrap\" data-name=\"acceptance-417\"><span class=\"wpcf7-form-control wpcf7-acceptance\"><span class=\"wpcf7-list-item\"><input type=\"checkbox\" name=\"acceptance-417\" value=\"1\" aria-invalid=\"false\" \/><\/span><\/span><\/span> <a href=\".\/?page_id=879\" target=\"_blank\" rel=\"noopener\"><b><u>Hyv\u00e4ksyn tietosuoja- ja rekisterik\u00e4yt\u00e4nn\u00f6t (pakollinen)<\/u><\/b><\/a> <\/label>\n<\/p>\n<p><input class=\"wpcf7-form-control wpcf7-submit has-spinner\" type=\"submit\" value=\"L\u00e4het\u00e4\" \/>\n<\/p><p style=\"display: none !important;\" class=\"akismet-fields-container\" data-prefix=\"_wpcf7_ak_\"><label>&#916;<textarea name=\"_wpcf7_ak_hp_textarea\" cols=\"45\" rows=\"8\" maxlength=\"100\"><\/textarea><\/label><input type=\"hidden\" id=\"ak_js_1\" name=\"_wpcf7_ak_js\" value=\"24\"\/><script>document.getElementById( \"ak_js_1\" ).setAttribute( \"value\", ( new Date() ).getTime() );<\/script><\/p><div class=\"wpcf7-response-output\" aria-hidden=\"true\"><\/div>\n<\/form>\n<\/div>\n\n","protected":false},"excerpt":{"rendered":"<p>Joukkueenjohtaja Helsinki Outsiders\u00a0 Pia Lemmetty pia.lemmetty@gmail.com Puh. 040 753 1057 Helsinki Outsiders Ry:n Hallitus jory(at)helsinkioutsiders.fi Seuran\/Yhdistyksen Virallinen Nimi ja Y-Tunnus Helsinki Outsiders ry (2423024-9) Tilinumero IBAN: FI19 5722 9020 1315 68 BIC: OKOYFIHH<\/p>\n","protected":false},"author":2,"featured_media":0,"parent":0,"menu_order":10,"comment_status":"closed","ping_status":"closed","template":"","meta":{"footnotes":""},"class_list":["post-13","page","type-page","status-publish","hentry"],"_links":{"self":[{"href":"https:\/\/www.helsinkioutsiders.fi\/index.php?rest_route=\/wp\/v2\/pages\/13","targetHints":{"allow":["GET"]}}],"collection":[{"href":"https:\/\/www.helsinkioutsiders.fi\/index.php?rest_route=\/wp\/v2\/pages"}],"about":[{"href":"https:\/\/www.helsinkioutsiders.fi\/index.php?rest_route=\/wp\/v2\/types\/page"}],"author":[{"embeddable":true,"href":"https:\/\/www.helsinkioutsiders.fi\/index.php?rest_route=\/wp\/v2\/users\/2"}],"replies":[{"embeddable":true,"href":"https:\/\/www.helsinkioutsiders.fi\/index.php?rest_route=%2Fwp%2Fv2%2Fcomments&post=13"}],"version-history":[{"count":32,"href":"https:\/\/www.helsinkioutsiders.fi\/index.php?rest_route=\/wp\/v2\/pages\/13\/revisions"}],"predecessor-version":[{"id":1127,"href":"https:\/\/www.helsinkioutsiders.fi\/index.php?rest_route=\/wp\/v2\/pages\/13\/revisions\/1127"}],"wp:attachment":[{"href":"https:\/\/www.helsinkioutsiders.fi\/index.php?rest_route=%2Fwp%2Fv2%2Fmedia&parent=13"}],"curies":[{"name":"wp","href":"https:\/\/api.w.org\/{rel}","templated":true}]}}